{"id":2642,"date":"2023-02-21T19:09:50","date_gmt":"2023-02-21T19:09:50","guid":{"rendered":"https:\/\/192.168.1.40\/mediteclocal\/?page_id=2642"},"modified":"2024-01-30T18:52:19","modified_gmt":"2024-01-30T18:52:19","slug":"mede","status":"publish","type":"page","link":"https:\/\/www.meditecsa.com\/?page_id=2642","title":{"rendered":"L\u00ednea Medex"},"content":{"rendered":"\n<p class=\"has-text-align-center has-black-color has-text-color\" style=\"font-size:18px\">MEDEX marca colombiana, fabricante y distribuidor de productos M\u00e9dico-Quir\u00fargicos desde 1973. Gran variedad de productos se incorporan a nuestro portafolio, como sondas, cat\u00e9teres, tubos, productos para oxigenoterapia, dispositivos y art\u00edculos m\u00e9dicos.<\/p>\n\n\n\n<p class=\"has-text-align-center has-black-color has-text-color\" style=\"font-size:18px\">Medex se crea con el capital m\u00e1s valioso que puede tener una empresa, que es la experiencia y el saber hacer de las personas que lo suman. Contamos con Fabrica y Centro de Distribuci\u00f3n donde se cumplen todos los requisitos legales-sanitarios exigidos por nuestro ente regulatorio, Instituto Nacional de Vigilancia y Alimentos (INVIMA), para garantizar siempre la calidad de la L\u00ednea Medex en el mercado nacional y de Latinoam\u00e9rica.<\/p>\n\n\n\n<div class=\"is-vertical is-layout-flex wp-container-2 wp-block-group\">\n<div class=\"is-vertical is-content-justification-center is-layout-flex wp-container-1 wp-block-group\">\n<p class=\"has-text-align-center has-black-color has-text-color\" style=\"font-size:18px\">Los productos MEDEX est\u00e1n posicionados en el mercado nacional y pa\u00edses de Am\u00e9rica Latina. &nbsp;El objetivo es seguir fortaleci\u00e9ndose en estos mercados con calidad, excelencia en manufactura, producto y sobre todo calidez humana.<\/p>\n\n\n\n<p class=\"has-text-align-center has-black-color has-text-color\" style=\"font-size:18px\"><mark style=\"background-color:rgba(0, 0, 0, 0);color:#096f42\" class=\"has-inline-color\"> <strong>\u00a1Nuestra calidad hace la gran diferencia!<\/strong><\/mark><\/p>\n<\/div>\n<\/div>\n\n\n\n<p class=\"has-text-align-center has-black-color has-text-color\" style=\"font-size:18px\">Meditec es un fabricante y comercializador de Dispositivos M\u00e9dicos, tambi\u00e9n es una empresa con una larga trayectoria, un empleador socialmente responsable y un socio confiable. Porque cuidamos a nuestros pacientes fabricando productos con material PVC grado m\u00e9dico. PVC at\u00f3xico, leve, s\u00f3lido, resistente, impermeable, termo sensible y estable (Libre de PHT).<\/p>\n\n\n\n<h2 class=\"has-text-align-center has-text-color\" style=\"color:#00441d;font-size:30px;text-transform:uppercase\">Presencia en Colombia y Latinoam\u00e9rica<\/h2>\n\n\n<div class=\"wp-block-image\">\n<figure class=\"aligncenter size-large is-resized\"><a href=\"http:\/\/192.168.1.40\/mediteclocal\/wp-content\/uploads\/2023\/02\/Mapamundi-Medex-3.png\" target=\"_blank\" rel=\"noreferrer noopener\"><img decoding=\"async\" loading=\"lazy\" src=\"http:\/\/192.168.1.40\/mediteclocal\/wp-content\/uploads\/2023\/02\/Mapamundi-Medex-3-746x1024.png\" alt=\"\" class=\"wp-image-2888\" width=\"560\" height=\"768\" srcset=\"https:\/\/www.meditecsa.com\/wp-content\/uploads\/2023\/02\/Mapamundi-Medex-3-746x1024.png 746w, https:\/\/www.meditecsa.com\/wp-content\/uploads\/2023\/02\/Mapamundi-Medex-3-219x300.png 219w, https:\/\/www.meditecsa.com\/wp-content\/uploads\/2023\/02\/Mapamundi-Medex-3-768x1054.png 768w, https:\/\/www.meditecsa.com\/wp-content\/uploads\/2023\/02\/Mapamundi-Medex-3-1119x1536.png 1119w, https:\/\/www.meditecsa.com\/wp-content\/uploads\/2023\/02\/Mapamundi-Medex-3-1492x2048.png 1492w\" sizes=\"(max-width: 560px) 100vw, 560px\" \/><\/a><\/figure><\/div>\n\n\n<h2 class=\"has-text-align-center has-text-color\" style=\"color:#00441d;font-size:30px;text-transform:uppercase\">Portafolio de productos<\/h2>\n\n\n\n<div class=\"_3d-flip-book  fb3d-fullscreen-mode full-size\" data-id=\"3117\" data-mode=\"fullscreen\" data-title=\"false\" data-template=\"short-white-book-view\" data-lightbox=\"dark\" data-urlparam=\"fb3d-page\" data-page-n=\"0\" data-pdf=\"\" data-tax=\"null\" data-thumbnail=\"\" data-cols=\"3\" data-book-template=\"default\"><\/div><script type=\"text\/javascript\">window.FB3D_CLIENT_DATA = window.FB3D_CLIENT_DATA || [];window.FB3D_CLIENT_DATA.push('eyJwb3N0cyI6eyIzMTE3Ijp7IklEIjozMTE3LCJ0aXRsZSI6IkxJTkVBIE1FREVYIiwidHlwZSI6InBkZiIsInJlYWR5X2Z1bmN0aW9uIjoiIiwiYm9va19zdHlsZSI6ImZsYXQiLCJib29rX3RlbXBsYXRlIjoibm9uZSIsIm91dGxpbmUiOltdLCJkYXRhIjp7InBvc3RfSUQiOiIzMTE4IiwiZ3VpZCI6Imh0dHBzOlwvXC93d3cubWVkaXRlY3NhLmNvbVwvd3AtY29udGVudFwvdXBsb2Fkc1wvMjAyM1wvMTBcL01lZGl0ZWNfQ2F0YWxvZ29fLU1lZGV4LnBkZiIsInBkZl9wYWdlcyI6IjE2IiwicGFnZXNfY3VzdG9taXphdGlvbiI6Im5vbmUifSwidGh1bWJuYWlsIjp7ImRhdGEiOnsicG9zdF9JRCI6IjAifSwidHlwZSI6ImF1dG8ifSwicHJvcHMiOnsiYmFja2dyb3VuZENvbG9yIjoiYXV0byIsImJhY2tncm91bmRJbWFnZSI6ImF1dG8iLCJiYWNrZ3JvdW5kU3R5bGUiOiJhdXRvIiwiaGlnaGxpZ2h0TGlua3MiOiJhdXRvIiwibGlnaHRpbmciOiJhdXRvIiwiY2FjaGVkUGFnZXMiOiJhdXRvIiwicmVuZGVySW5hY3RpdmVQYWdlcyI6ImF1dG8iLCJyZW5kZXJJbmFjdGl2ZVBhZ2VzT25Nb2JpbGUiOiJhdXRvIiwicmVuZGVyV2hpbGVGbGlwcGluZyI6ImF1dG8iLCJwcmVsb2FkUGFnZXMiOiJhdXRvIiwiYXV0b1BsYXlEdXJhdGlvbiI6ImF1dG8iLCJydGwiOiJhdXRvIiwiaW50ZXJhY3RpdmVDb3JuZXJzIjoiYXV0byIsIm1heERlcHRoIjoiYXV0byIsInNoZWV0Ijp7InN0YXJ0VmVsb2NpdHkiOiJhdXRvIiwid2F2ZSI6ImF1dG8iLCJzaGFwZSI6ImF1dG8iLCJ3aWR0aFRleGVscyI6ImF1dG8iLCJjb2xvciI6ImF1dG8iLCJzaWRlIjoiYXV0byIsImNvcm5lckRldmlhdGlvbiI6ImF1dG8iLCJmbGV4aWJpbGl0eSI6ImF1dG8iLCJmbGV4aWJsZUNvcm5lciI6ImF1dG8iLCJiZW5kaW5nIjoiYXV0byIsImhlaWdodFRleGVscyI6ImF1dG8ifSwiY292ZXIiOnsid2F2ZSI6ImF1dG8iLCJjb2xvciI6ImF1dG8iLCJiaW5kZXJUZXh0dXJlIjoiYXV0byIsImRlcHRoIjoiYXV0byIsInBhZGRpbmciOiJhdXRvIiwic3RhcnRWZWxvY2l0eSI6ImF1dG8iLCJmbGV4aWJpbGl0eSI6ImF1dG8iLCJmbGV4aWJsZUNvcm5lciI6ImF1dG8iLCJiZW5kaW5nIjoiYXV0byIsIndpZHRoVGV4ZWxzIjoiYXV0byIsImhlaWdodFRleGVscyI6ImF1dG8iLCJtYXNzIjoiYXV0byIsInNpZGUiOiJhdXRvIiwic2hhcGUiOiJhdXRvIn0sInBhZ2UiOnsid2F2ZSI6ImF1dG8iLCJjb2xvciI6ImF1dG8iLCJkZXB0aCI6ImF1dG8iLCJzdGFydFZlbG9jaXR5IjoiYXV0byIsImZsZXhpYmlsaXR5IjoiYXV0byIsImZsZXhpYmxlQ29ybmVyIjoiYXV0byIsImJlbmRpbmciOiJhdXRvIiwid2lkdGhUZXhlbHMiOiJhdXRvIiwiaGVpZ2h0VGV4ZWxzIjoiYXV0byIsIm1hc3MiOiJhdXRvIiwic2lkZSI6ImF1dG8iLCJzaGFwZSI6ImF1dG8ifSwiaGVpZ2h0IjoiYXV0byIsIndpZHRoIjoiYXV0byIsImdyYXZpdHkiOiJhdXRvIiwicGFnZXNGb3JQcmVkaWN0aW5nIjoiYXV0byJ9LCJjb250cm9sUHJvcHMiOnsiYWN0aW9ucyI6eyJjbWRUb2MiOnsiZW5hYmxlZCI6ImF1dG8iLCJlbmFibGVkSW5OYXJyb3ciOiJhdXRvIiwiYWN0aXZlIjoiYXV0byIsImRlZmF1bHRUYWIiOiJhdXRvIn0sImNtZEF1dG9QbGF5Ijp7ImVuYWJsZWQiOiJhdXRvIiwiZW5hYmxlZEluTmFycm93IjoiYXV0byIsImFjdGl2ZSI6ImF1dG8ifSwiY21kU2F2ZSI6eyJlbmFibGVkIjoiYXV0byIsImVuYWJsZWRJbk5hcnJvdyI6ImF1dG8ifSwiY21kUHJpbnQiOnsiZW5hYmxlZCI6ImF1dG8iLCJlbmFibGVkSW5OYXJyb3ciOiJhdXRvIn0sImNtZFNpbmdsZVBhZ2UiOnsiZW5hYmxlZCI6ImF1dG8iLCJlbmFibGVkSW5OYXJyb3ciOiJhdXRvIiwiYWN0aXZlIjoiYXV0byIsImFjdGl2ZUZvck1vYmlsZSI6ImF1dG8ifSwid2lkVG9vbGJhciI6eyJlbmFibGVkIjoiYXV0byIsImVuYWJsZWRJbk5hcnJvdyI6ImF1dG8ifX19LCJhdXRvVGh1bWJuYWlsIjpudWxsLCJwb3N0X25hbWUiOiJsaW5lYS1tZWRleCIsInBvc3RfdHlwZSI6IjNkLWZsaXAtYm9vayJ9fSwicGFnZXMiOltdLCJmaXJzdFBhZ2VzIjpbXX0=');window.FB3D_CLIENT_LOCALE && window.FB3D_CLIENT_LOCALE.render();<\/script>\n\n\n\n<p><\/p>\n\n\n\n<div class=\"is-layout-flex wp-block-buttons\">\n<div class=\"wp-block-button has-custom-font-size is-style-fill\" style=\"font-size:18px;font-style:normal;font-weight:500;text-transform:uppercase\"><a class=\"wp-block-button__link has-white-color has-text-color has-background wp-element-button\" href=\"https:\/\/www.meditecsa.com\/?3d-flip-book=condiciones-generales-medex-a-nivel-nacional\" style=\"background-color:#00893b\" target=\"_blank\" rel=\"noreferrer noopener\"><strong>Condiciones generales Medex a nivel NacionAL<\/strong><\/a><\/div>\n<\/div>\n\n\n\n<p><\/p>\n\n\n\n<p class=\"has-text-color\" style=\"color:#0a3758;font-size:18px\">\u2611 <strong>Certificaci\u00f3n ISO 13485 \u2013 CCAA Invima \u2013 Certificado Condiciones Sanitarias D.M.<\/strong><\/p>\n\n\n\n<h2 class=\"has-text-align-center\"><mark style=\"background-color:rgba(0, 0, 0, 0);color:#096f42\" class=\"has-inline-color\">CANALES DE ATENCI\u00d3N<\/mark><\/h2>\n\n\n\n<p class=\"has-text-align-center\">\u2022 Mail ventas: asistentemedex@meditecsa.com \/ asesorlineamedex@meditecsa.com<\/p>\n\n\n\n<p class=\"has-text-align-center\">\u2022 Tel: +57 (601) 3381177 Ext: 1030 \/ Ext: 1029<\/p>\n\n\n\n<p class=\"has-text-align-center\">\u2022 Celular: +57 315 3319686<\/p>\n","protected":false},"excerpt":{"rendered":"<p>MEDEX marca colombiana, fabricante y distribuidor de productos M\u00e9dico-Quir\u00fargicos desde 1973. Gran variedad de productos se incorporan a nuestro portafolio, como sondas, cat\u00e9teres, tubos, productos para oxigenoterapia, dispositivos y art\u00edculos m\u00e9dicos. Medex se crea con el capital m\u00e1s valioso que puede tener una empresa, que es la experiencia y el saber hacer de las personas que lo suman. Contamos con Fabrica y Centro de Distribuci\u00f3n donde se cumplen todos los requisitos legales-sanitarios exigidos por nuestro ente regulatorio, Instituto Nacional de Vigilancia y Alimentos (INVIMA), para garantizar siempre la calidad de la L\u00ednea Medex en el mercado nacional y de Latinoam\u00e9rica. Los productos MEDEX est\u00e1n posicionados en el mercado nacional y pa\u00edses de Am\u00e9rica Latina. &nbsp;El objetivo es seguir fortaleci\u00e9ndose en estos mercados con calidad, excelencia en manufactura, producto y sobre todo calidez humana. \u00a1Nuestra calidad hace la gran diferencia! Meditec es un fabricante y comercializador de Dispositivos M\u00e9dicos, tambi\u00e9n es&hellip;<\/p>\n<p> <a class=\"more-link\" href=\"https:\/\/www.meditecsa.com\/?page_id=2642\">Read more<\/a><\/p>\n","protected":false},"author":4,"featured_media":2678,"parent":0,"menu_order":0,"comment_status":"closed","ping_status":"closed","template":"","meta":[],"_links":{"self":[{"href":"https:\/\/www.meditecsa.com\/index.php?rest_route=\/wp\/v2\/pages\/2642"}],"collection":[{"href":"https:\/\/www.meditecsa.com\/index.php?rest_route=\/wp\/v2\/pages"}],"about":[{"href":"https:\/\/www.meditecsa.com\/index.php?rest_route=\/wp\/v2\/types\/page"}],"author":[{"embeddable":true,"href":"https:\/\/www.meditecsa.com\/index.php?rest_route=\/wp\/v2\/users\/4"}],"replies":[{"embeddable":true,"href":"https:\/\/www.meditecsa.com\/index.php?rest_route=%2Fwp%2Fv2%2Fcomments&post=2642"}],"version-history":[{"count":67,"href":"https:\/\/www.meditecsa.com\/index.php?rest_route=\/wp\/v2\/pages\/2642\/revisions"}],"predecessor-version":[{"id":3172,"href":"https:\/\/www.meditecsa.com\/index.php?rest_route=\/wp\/v2\/pages\/2642\/revisions\/3172"}],"wp:featuredmedia":[{"embeddable":true,"href":"https:\/\/www.meditecsa.com\/index.php?rest_route=\/wp\/v2\/media\/2678"}],"wp:attachment":[{"href":"https:\/\/www.meditecsa.com\/index.php?rest_route=%2Fwp%2Fv2%2Fmedia&parent=2642"}],"curies":[{"name":"wp","href":"https:\/\/api.w.org\/{rel}","templated":true}]}}