{"id":2634,"date":"2023-02-21T18:56:23","date_gmt":"2023-02-21T18:56:23","guid":{"rendered":"https:\/\/192.168.1.40\/mediteclocal\/?page_id=2634"},"modified":"2023-10-13T20:25:28","modified_gmt":"2023-10-13T20:25:28","slug":"servicio-tecnico","status":"publish","type":"page","link":"https:\/\/www.meditecsa.com\/?page_id=2634","title":{"rendered":"Servicio T\u00e9cnico"},"content":{"rendered":"\n<p class=\"has-text-align-center has-black-color has-text-color\" style=\"font-size:17px\">Basado en las posibles eventualidades t\u00e9cnicas por desgaste o manejo &nbsp;de la tecnolog\u00eda Biom\u00e9dica que ofrece nuestra compa\u00f1\u00eda durante el tiempo de su vida \u00fatil, hemos desarrollado un laboratorio de ingenier\u00eda con sede principal en la ciudad de Bogot\u00e1 dotado con los equipos y herramientas necesarias para dar soluci\u00f3n a la mayor\u00eda de los fallos previsibles e imprevistos, buscando minimizar los tiempos de inactividad de los equipos en caso de da\u00f1os reduciendo as\u00ed los tiempos de parada a nuestros clientes a nivel nacional.<\/p>\n\n\n\n<p class=\"has-text-align-center has-black-color has-text-color\" style=\"font-size:17px\">Nuestro servicio de atenci\u00f3n al cliente se distingue por la eficiencia y organizaci\u00f3n, contamos con un equipo de trabajo con formaci\u00f3n profesional, &nbsp;capacitaciones y cursos de actualizaci\u00f3n regulares de las marcas que representamos garantizando la competencia y &nbsp;en nuestra atenci\u00f3n.<\/p>\n\n\n<div class=\"wp-block-image is-style-default\">\n<figure class=\"aligncenter size-large is-resized\"><a href=\"http:\/\/192.168.1.92\/mediteclocal\/wp-content\/uploads\/2023\/03\/maxium.jpeg\"><img decoding=\"async\" loading=\"lazy\" src=\"http:\/\/192.168.1.92\/mediteclocal\/wp-content\/uploads\/2023\/03\/maxium-1024x576.jpeg\" alt=\"\" class=\"wp-image-3012\" width=\"512\" height=\"288\" srcset=\"https:\/\/www.meditecsa.com\/wp-content\/uploads\/2023\/03\/maxium-1024x576.jpeg 1024w, https:\/\/www.meditecsa.com\/wp-content\/uploads\/2023\/03\/maxium-300x169.jpeg 300w, https:\/\/www.meditecsa.com\/wp-content\/uploads\/2023\/03\/maxium-768x432.jpeg 768w, https:\/\/www.meditecsa.com\/wp-content\/uploads\/2023\/03\/maxium-1536x864.jpeg 1536w, https:\/\/www.meditecsa.com\/wp-content\/uploads\/2023\/03\/maxium.jpeg 1600w\" sizes=\"(max-width: 512px) 100vw, 512px\" \/><\/a><\/figure><\/div>\n\n\n<h2 class=\"has-text-align-center has-text-color\" style=\"color:#00441d;font-size:30px\">SOPORTE PRESENCIAL<\/h2>\n\n\n\n<p class=\"has-text-align-center has-black-color has-text-color\" style=\"font-size:18px\">Nuestro equipo t\u00e9cnico est\u00e1 listo para asistir presencialmente a las instituciones cumpliendo con los Requisitos de Ingreso, &nbsp;Bioseguridad, y Dotaci\u00f3n necesarios. Equipados con herramienta de mano para atenci\u00f3n de Nivel 1 o preventivos, Uniformes, Identificaci\u00f3n Corporativa y Formatos de reporte entre otros, acompa\u00f1aran y dar\u00e1n soluci\u00f3n a sus inquietudes y requerimientos.<\/p>\n\n\n\n<h2 class=\"has-text-align-center has-text-color\" style=\"color:#00441d;font-size:30px\">SOPORTE REMOTO<\/h2>\n\n\n\n<p class=\"has-text-align-center has-black-color has-text-color\" style=\"font-size:18px\">Nuestra soluci\u00f3n de soporte remoto nos permite brindarle atenci\u00f3n inmediata sobre sus productos, dudas de manejo, funcionamiento, eventualidades o comportamientos desconocidos, facilitando la resoluci\u00f3n de los problemas b\u00e1sicos en tiempos reducidos y con la mejor disposici\u00f3n, casi como si estuvi\u00e9ramos con usted.<\/p>\n\n\n\n<h2 class=\"has-text-align-center has-text-color\" style=\"color:#00441d\">CAPACITACI\u00d3N T\u00c9CNICA<\/h2>\n\n\n\n<p class=\"has-text-align-center has-black-color has-text-color\" style=\"font-size:18px\">Contamos con un equipo de Ingenieros y t\u00e9cnicos especializados en las tecnolog\u00edas de nuestra representaci\u00f3n, ofrecemos capacitaciones que permiten el aprovechamiento de equipos y elementos adem\u00e1s del uso seguro.<\/p>\n\n\n<div class=\"wp-block-image\">\n<figure class=\"aligncenter size-large is-resized\"><a href=\"http:\/\/192.168.1.92\/mediteclocal\/wp-content\/uploads\/2023\/03\/optica-1.jpeg\"><img decoding=\"async\" loading=\"lazy\" src=\"http:\/\/192.168.1.92\/mediteclocal\/wp-content\/uploads\/2023\/03\/optica-1-576x1024.jpeg\" alt=\"\" class=\"wp-image-3014\" width=\"288\" height=\"512\" srcset=\"https:\/\/www.meditecsa.com\/wp-content\/uploads\/2023\/03\/optica-1-576x1024.jpeg 576w, https:\/\/www.meditecsa.com\/wp-content\/uploads\/2023\/03\/optica-1-169x300.jpeg 169w, https:\/\/www.meditecsa.com\/wp-content\/uploads\/2023\/03\/optica-1-768x1365.jpeg 768w, https:\/\/www.meditecsa.com\/wp-content\/uploads\/2023\/03\/optica-1-864x1536.jpeg 864w, https:\/\/www.meditecsa.com\/wp-content\/uploads\/2023\/03\/optica-1.jpeg 900w\" sizes=\"(max-width: 288px) 100vw, 288px\" \/><\/a><\/figure><\/div>\n\n\n<h2 class=\"has-text-align-center has-text-color\" style=\"color:#00441d;font-size:30px\">MANTENIMIENTO PREVENTIVO<\/h2>\n\n\n\n<p class=\"has-text-align-center has-black-color has-text-color\" style=\"font-size:18px\">Incluidos dentro de la garant\u00eda de nuestros productos y posterior a este periodo bajo contratos de servicio proveemos las actividades necesarias para mantener en condiciones ideales su tecnolog\u00eda biom\u00e9dica de las marcas Richard Wolf, Swiss EMS, KLS Martin, Otopront, RiwoSpine, Mindray, Insighters, Nouvag.<\/p>\n\n\n\n<h2 class=\"has-text-align-center has-text-color\" style=\"color:#00441d\">MANTENIMIENTO CORRECTIVO<\/h2>\n\n\n\n<p class=\"has-text-align-center has-black-color has-text-color\" style=\"font-size:18px\">Realizamos actividades de reparaci\u00f3n y acondicionamiento para equipos e instrumentos que permiten extender su vida \u00fatil y asegurar un funcionamiento \u00f3ptimos para una prestaci\u00f3n de servicio adecuada y responsable en instituciones de salud a nivel nacional con repuestos originales y t\u00e9cnicas guiadas por los fabricantes de cada marca.<\/p>\n\n\n<div class=\"wp-block-image\">\n<figure class=\"aligncenter size-large is-resized\"><a href=\"http:\/\/192.168.1.92\/mediteclocal\/wp-content\/uploads\/2023\/03\/WhatsApp-Image-2023-03-24-at-12.24.40-PM-1.jpeg\"><img decoding=\"async\" loading=\"lazy\" src=\"http:\/\/192.168.1.92\/mediteclocal\/wp-content\/uploads\/2023\/03\/WhatsApp-Image-2023-03-24-at-12.24.40-PM-1-1024x576.jpeg\" alt=\"\" class=\"wp-image-3015\" width=\"512\" height=\"288\" srcset=\"https:\/\/www.meditecsa.com\/wp-content\/uploads\/2023\/03\/WhatsApp-Image-2023-03-24-at-12.24.40-PM-1-1024x576.jpeg 1024w, https:\/\/www.meditecsa.com\/wp-content\/uploads\/2023\/03\/WhatsApp-Image-2023-03-24-at-12.24.40-PM-1-300x169.jpeg 300w, https:\/\/www.meditecsa.com\/wp-content\/uploads\/2023\/03\/WhatsApp-Image-2023-03-24-at-12.24.40-PM-1-768x432.jpeg 768w, https:\/\/www.meditecsa.com\/wp-content\/uploads\/2023\/03\/WhatsApp-Image-2023-03-24-at-12.24.40-PM-1-1536x864.jpeg 1536w, https:\/\/www.meditecsa.com\/wp-content\/uploads\/2023\/03\/WhatsApp-Image-2023-03-24-at-12.24.40-PM-1.jpeg 1600w\" sizes=\"(max-width: 512px) 100vw, 512px\" \/><\/a><\/figure><\/div>\n\n\n<h2 class=\"has-text-align-center has-text-color\" style=\"color:#00441d\"><mark style=\"background-color:rgba(0, 0, 0, 0);color:#096f42\" class=\"has-inline-color\">CANALES DE ATENCI\u00d3N<\/mark><\/h2>\n\n\n\n<div class=\"is-vertical is-content-justification-center is-layout-flex wp-container-1 wp-block-group\">\n<p class=\"has-text-align-center has-black-color has-text-color\" style=\"font-size:18px\">\u2022 Mail: ingenieria@meditecsa.com<\/p>\n\n\n\n<p class=\"has-text-align-center has-black-color has-text-color\" style=\"font-size:18px\">\u2022 Tel: +57 (601) 3381177 Ext: 1037<\/p>\n\n\n\n<p class=\"has-text-align-center has-black-color has-text-color\" style=\"font-size:18px\">\u2022 Cel: +57 318 2704349<\/p>\n<\/div>\n","protected":false},"excerpt":{"rendered":"<p>Basado en las posibles eventualidades t\u00e9cnicas por desgaste o manejo &nbsp;de la tecnolog\u00eda Biom\u00e9dica que ofrece nuestra compa\u00f1\u00eda durante el tiempo de su vida \u00fatil, hemos desarrollado un laboratorio de ingenier\u00eda con sede principal en la ciudad de Bogot\u00e1 dotado con los equipos y herramientas necesarias para dar soluci\u00f3n a la mayor\u00eda de los fallos previsibles e imprevistos, buscando minimizar los tiempos de inactividad de los equipos en caso de da\u00f1os reduciendo as\u00ed los tiempos de parada a nuestros clientes a nivel nacional. Nuestro servicio de atenci\u00f3n al cliente se distingue por la eficiencia y organizaci\u00f3n, contamos con un equipo de trabajo con formaci\u00f3n profesional, &nbsp;capacitaciones y cursos de actualizaci\u00f3n regulares de las marcas que representamos garantizando la competencia y &nbsp;en nuestra atenci\u00f3n. SOPORTE PRESENCIAL Nuestro equipo t\u00e9cnico est\u00e1 listo para asistir presencialmente a las instituciones cumpliendo con los Requisitos de Ingreso, &nbsp;Bioseguridad, y Dotaci\u00f3n necesarios. Equipados con herramienta de&hellip;<\/p>\n<p> <a class=\"more-link\" href=\"https:\/\/www.meditecsa.com\/?page_id=2634\">Read more<\/a><\/p>\n","protected":false},"author":4,"featured_media":3011,"parent":0,"menu_order":0,"comment_status":"closed","ping_status":"closed","template":"","meta":[],"_links":{"self":[{"href":"https:\/\/www.meditecsa.com\/index.php?rest_route=\/wp\/v2\/pages\/2634"}],"collection":[{"href":"https:\/\/www.meditecsa.com\/index.php?rest_route=\/wp\/v2\/pages"}],"about":[{"href":"https:\/\/www.meditecsa.com\/index.php?rest_route=\/wp\/v2\/types\/page"}],"author":[{"embeddable":true,"href":"https:\/\/www.meditecsa.com\/index.php?rest_route=\/wp\/v2\/users\/4"}],"replies":[{"embeddable":true,"href":"https:\/\/www.meditecsa.com\/index.php?rest_route=%2Fwp%2Fv2%2Fcomments&post=2634"}],"version-history":[{"count":13,"href":"https:\/\/www.meditecsa.com\/index.php?rest_route=\/wp\/v2\/pages\/2634\/revisions"}],"predecessor-version":[{"id":3149,"href":"https:\/\/www.meditecsa.com\/index.php?rest_route=\/wp\/v2\/pages\/2634\/revisions\/3149"}],"wp:featuredmedia":[{"embeddable":true,"href":"https:\/\/www.meditecsa.com\/index.php?rest_route=\/wp\/v2\/media\/3011"}],"wp:attachment":[{"href":"https:\/\/www.meditecsa.com\/index.php?rest_route=%2Fwp%2Fv2%2Fmedia&parent=2634"}],"curies":[{"name":"wp","href":"https:\/\/api.w.org\/{rel}","templated":true}]}}