{"id":232,"date":"2015-01-05T21:57:06","date_gmt":"2015-01-05T21:57:06","guid":{"rendered":"https:\/\/www.meditecsa.com\/?page_id=232"},"modified":"2023-02-23T19:15:27","modified_gmt":"2023-02-23T19:15:27","slug":"contacto","status":"publish","type":"page","link":"https:\/\/www.meditecsa.com\/?page_id=232","title":{"rendered":"Contacto"},"content":{"rendered":"<h3 data-canvas-width=\"89.59679999999999\">Contacto. \/ POLITICAS<\/h3>\n<div data-canvas-width=\"246.96174999999994\">Las sugerencias, reclamos, y solicitudes de informaci\u00f3n sobre la utilizaci\u00f3n de sus datos personales pueden ser enviadas al responsable por la Seguridad de la Informaci\u00f3n de MEDITEC S.A.<\/div>\n<div data-canvas-width=\"167.38224999999997\">Representante Legal<\/div>\n<div data-canvas-width=\"186.64624999999998\">Amparo Reinoso Benitez<\/div>\n<div data-canvas-width=\"126.33949999999997\">MEDITEC S.A.<\/div>\n<div data-canvas-width=\"141.169\">Cra. 20 no. 40-40<\/div>\n<div data-canvas-width=\"149.87525\">Bogot\u00e1 &#8211; Colombia<\/div>\n<div data-canvas-width=\"202.43125\">Colombia: (571) 3381177<\/div>\n","protected":false},"excerpt":{"rendered":"<p>Contacto. \/ POLITICAS Las sugerencias, reclamos, y solicitudes de informaci\u00f3n sobre la utilizaci\u00f3n de sus datos personales pueden ser enviadas al responsable por la Seguridad de la Informaci\u00f3n de MEDITEC S.A. Representante Legal Amparo Reinoso Benitez MEDITEC S.A. Cra. 20 no. 40-40 Bogot\u00e1 &#8211; Colombia Colombia: (571) 3381177<\/p>\n","protected":false},"author":1,"featured_media":0,"parent":52,"menu_order":0,"comment_status":"open","ping_status":"open","template":"","meta":[],"_links":{"self":[{"href":"https:\/\/www.meditecsa.com\/index.php?rest_route=\/wp\/v2\/pages\/232"}],"collection":[{"href":"https:\/\/www.meditecsa.com\/index.php?rest_route=\/wp\/v2\/pages"}],"about":[{"href":"https:\/\/www.meditecsa.com\/index.php?rest_route=\/wp\/v2\/types\/page"}],"author":[{"embeddable":true,"href":"https:\/\/www.meditecsa.com\/index.php?rest_route=\/wp\/v2\/users\/1"}],"replies":[{"embeddable":true,"href":"https:\/\/www.meditecsa.com\/index.php?rest_route=%2Fwp%2Fv2%2Fcomments&post=232"}],"version-history":[{"count":6,"href":"https:\/\/www.meditecsa.com\/index.php?rest_route=\/wp\/v2\/pages\/232\/revisions"}],"predecessor-version":[{"id":2761,"href":"https:\/\/www.meditecsa.com\/index.php?rest_route=\/wp\/v2\/pages\/232\/revisions\/2761"}],"up":[{"embeddable":true,"href":"https:\/\/www.meditecsa.com\/index.php?rest_route=\/wp\/v2\/pages\/52"}],"wp:attachment":[{"href":"https:\/\/www.meditecsa.com\/index.php?rest_route=%2Fwp%2Fv2%2Fmedia&parent=232"}],"curies":[{"name":"wp","href":"https:\/\/api.w.org\/{rel}","templated":true}]}}