{"id":225,"date":"2015-01-05T21:34:54","date_gmt":"2015-01-05T21:34:54","guid":{"rendered":"https:\/\/www.meditecsa.com\/?page_id=225"},"modified":"2023-02-22T14:04:34","modified_gmt":"2023-02-22T14:04:34","slug":"politica-de-privacidad","status":"publish","type":"page","link":"https:\/\/www.meditecsa.com\/?page_id=225","title":{"rendered":"Pol\u00edtica de Privacidad"},"content":{"rendered":"<div id=\"pageContainer2\" class=\"page\" data-loaded=\"true\">\n<div class=\"textLayer\">\n<h3 data-canvas-width=\"189.51114000000007\">Pol\u00edtica de Privacidad<\/h3>\n<div data-canvas-width=\"136.17975\">MEDITEC S.A. aprecia mucho su inter\u00e9s en nuestros productos y su visita a nuestro Website.<\/div>\n<\/div>\n<\/div>\n<div id=\"pageContainer3\" class=\"page\" data-loaded=\"true\">\n<div class=\"textLayer\">\n<div data-canvas-width=\"319.91575\">MEDITEC S.A respeta su privacidad<\/div>\n<div data-canvas-width=\"110.03649999999999\">La protecci\u00f3n de su privacidad durante el procesamiento de sus datos personales es una preocupaci\u00f3n constante, nosotros concentramos una especial atenci\u00f3n en este proceso.<\/div>\n<div data-canvas-width=\"189.8365000000001\">La protecci\u00f3n de los datos y la seguridad de la informaci\u00f3n forman parte de la pol\u00edtica de la compa\u00f1\u00eda.<\/div>\n<div data-canvas-width=\"187.65599999999995\">Los Websites de MEDITEC S.A. pueden incluir links para otros Websites en los cuales esta pol\u00edtica de privacidad no se aplica.<\/div>\n<div data-canvas-width=\"187.65599999999995\"><\/div>\n<div data-canvas-width=\"187.65599999999995\">\n<h3 data-canvas-width=\"456.54291000000006\">Recolecci\u00f3n y procesamiento de datos personales.<\/h3>\n<div data-canvas-width=\"248.00299999999996\">Cuando usted visita nuestro Website los siguientes datos ser\u00e1n grabados en el Web Server de MEDITEC S.A.<\/div>\n<ul>\n<li data-canvas-width=\"248.00299999999996\">\n<div data-canvas-width=\"165.37149999999994\">Nombre de su proveedor de Acceso.<\/div>\n<\/li>\n<li data-canvas-width=\"248.00299999999996\">\n<div data-canvas-width=\"232.386\">Websites visitados.<\/div>\n<\/li>\n<li data-canvas-width=\"248.00299999999996\">\n<div data-canvas-width=\"232.386\">Fecha y tiempo de su visita.<\/div>\n<\/li>\n<\/ul>\n<div data-canvas-width=\"241.34424999999996\">Los datos personales adicionales solamente ser\u00e1n grabados conforme a su voluntad, por ejemplo durante:<\/div>\n<ul>\n<li>\n<div data-canvas-width=\"134.25475\">Un Registro<\/div>\n<\/li>\n<li>\n<div data-canvas-width=\"111.0375\">Una b\u00fasqueda.<\/div>\n<\/li>\n<li>\n<div data-canvas-width=\"49.602\">Un contrato.<\/div>\n<\/li>\n<\/ul>\n<h3 data-canvas-width=\"478.87623000000013\">Uso, Divulgaci\u00f3n y Prop\u00f3sito de los datos personales.<\/h3>\n<div data-canvas-width=\"256.78799999999995\">MEDITEC S.A. usar\u00e1n sus datos personales exclusivamente para la administraci\u00f3n t\u00e9cnica de los websites, administraci\u00f3n de clientes, b\u00fasqueda de productos y marketing, limit\u00e1ndose a lo estrictamente necesario para cada caso. sus datos personales no ser\u00e1n divulgados para terceros (Fuera de MEDITEC S.A.) sin una autorizaci\u00f3n, excepto en circunstancias excepcionales: por exigencia de la ley; para la protecci\u00f3n de derechos \/ propiedades de la empresa; o , mediante su autorizaci\u00f3n, en la premiaci\u00f3n de concursos y promociones.<\/div>\n<div data-canvas-width=\"256.78799999999995\"><\/div>\n<div data-canvas-width=\"256.78799999999995\">\n<div id=\"pageContainer3\" class=\"page\" data-loaded=\"true\">\n<div class=\"textLayer\">\n<h3 data-canvas-width=\"99.82284000000003\">Seguridad.<\/h3>\n<div data-canvas-width=\"288.9722500000001\">MEDITEC S.A utiliza medidas para proteger los datos, nosotros tenemos control sobre manipulaci\u00f3n indebida, perdida, destrucci\u00f3n, accesos no autorizados y divulgaci\u00f3n no autorizada. Nuestros procedimientos de seguridad son revisados peri\u00f3dicamente, tambi\u00e9n como, la introducci\u00f3n de nuevas tecnolog\u00edas.<\/div>\n<div data-canvas-width=\"288.9722500000001\"><\/div>\n<div data-canvas-width=\"288.9722500000001\">\n<h3 data-canvas-width=\"187.53291000000002\">Libertad de elecci\u00f3n.<\/h3>\n<div data-canvas-width=\"136.17975\">A nosotros nos gustar\u00eda usar sus datos para mantenerlo informado sobre productos y servicios, y solicitar su opini\u00f3n cuando sea necesario. naturalmente su participaci\u00f3n es opcional, as\u00ed si en caso de que usted no est\u00e9 de acuerdo, podr\u00e1 informarnos en cualquier momento y r\u00e1pidamente estaremos prohibiendo la utilizaci\u00f3n de sus datos. Podr\u00e1 encontrar informaciones complementarias en nuestro Website.<\/div>\n<div data-canvas-width=\"136.17975\"><\/div>\n<div data-canvas-width=\"136.17975\">\n<h3 data-canvas-width=\"156.9225\">Responsabilidad.<\/h3>\n<div data-canvas-width=\"82.586\">Siempre que el usuario sea menor de edad, se aconseja que los padres est\u00e9n de acuerdo con la utilizaci\u00f3n del site y la eventual disposici\u00f3n de los datos y participaci\u00f3n de b\u00fasquedas, comentarios, juegos de preguntas y respuestas, entre otros. Estas informaciones pasan a ser propiedad de MEDITEC S.A.,pudiendo ser utilizadas.<\/div>\n<\/div>\n<\/div>\n<\/div>\n<\/div>\n<\/div>\n<div data-canvas-width=\"248.00299999999996\"><\/div>\n<\/div>\n<\/div>\n<\/div>\n","protected":false},"excerpt":{"rendered":"<p>Pol\u00edtica de Privacidad MEDITEC S.A. aprecia mucho su inter\u00e9s en nuestros productos y su visita a nuestro Website. MEDITEC S.A respeta su privacidad La protecci\u00f3n de su privacidad durante el procesamiento de sus datos personales es una preocupaci\u00f3n constante, nosotros concentramos una especial atenci\u00f3n en este proceso. La protecci\u00f3n de los datos y la seguridad de la informaci\u00f3n forman parte de la pol\u00edtica de la compa\u00f1\u00eda. Los Websites de MEDITEC S.A. pueden incluir links para otros Websites en los cuales esta pol\u00edtica de privacidad no se aplica. Recolecci\u00f3n y procesamiento de datos personales. Cuando usted visita nuestro Website los siguientes datos ser\u00e1n grabados en el Web Server de MEDITEC S.A. Nombre de su proveedor de Acceso. Websites visitados. Fecha y tiempo de su visita. Los datos personales adicionales solamente ser\u00e1n grabados conforme a su voluntad, por ejemplo durante: Un Registro Una b\u00fasqueda. Un contrato. Uso, Divulgaci\u00f3n y Prop\u00f3sito de los&hellip;<\/p>\n<p> <a class=\"more-link\" href=\"https:\/\/www.meditecsa.com\/?page_id=225\">Read more<\/a><\/p>\n","protected":false},"author":1,"featured_media":0,"parent":52,"menu_order":0,"comment_status":"closed","ping_status":"open","template":"","meta":[],"_links":{"self":[{"href":"https:\/\/www.meditecsa.com\/index.php?rest_route=\/wp\/v2\/pages\/225"}],"collection":[{"href":"https:\/\/www.meditecsa.com\/index.php?rest_route=\/wp\/v2\/pages"}],"about":[{"href":"https:\/\/www.meditecsa.com\/index.php?rest_route=\/wp\/v2\/types\/page"}],"author":[{"embeddable":true,"href":"https:\/\/www.meditecsa.com\/index.php?rest_route=\/wp\/v2\/users\/1"}],"replies":[{"embeddable":true,"href":"https:\/\/www.meditecsa.com\/index.php?rest_route=%2Fwp%2Fv2%2Fcomments&post=225"}],"version-history":[{"count":5,"href":"https:\/\/www.meditecsa.com\/index.php?rest_route=\/wp\/v2\/pages\/225\/revisions"}],"predecessor-version":[{"id":2667,"href":"https:\/\/www.meditecsa.com\/index.php?rest_route=\/wp\/v2\/pages\/225\/revisions\/2667"}],"up":[{"embeddable":true,"href":"https:\/\/www.meditecsa.com\/index.php?rest_route=\/wp\/v2\/pages\/52"}],"wp:attachment":[{"href":"https:\/\/www.meditecsa.com\/index.php?rest_route=%2Fwp%2Fv2%2Fmedia&parent=225"}],"curies":[{"name":"wp","href":"https:\/\/api.w.org\/{rel}","templated":true}]}}