{"id":222,"date":"2015-01-05T21:30:51","date_gmt":"2015-01-05T21:30:51","guid":{"rendered":"https:\/\/www.meditecsa.com\/?page_id=222"},"modified":"2015-01-05T21:32:58","modified_gmt":"2015-01-05T21:32:58","slug":"nota-legal","status":"publish","type":"page","link":"https:\/\/www.meditecsa.com\/?page_id=222","title":{"rendered":"Nota Legal"},"content":{"rendered":"<h3 data-canvas-width=\"93.71430000000001\">Nota Legal<\/h3>\n<div data-canvas-width=\"245.17325000000002\">MEDITEC S.A por autorizaci\u00f3n de MEDITEC S.A. Ltda. agradece su visita y su inter\u00e9s en nuestros productos.<\/div>\n<div data-canvas-width=\"358.9950000000001\">Todos los datos personales introducidos en el web de MEDITEC S.A. ser\u00e1n archivados, procesados y si es necesario transmitidos a MEDITEC S.A. con prop\u00f3sito exclusivo de proveerle servicios personales, enviarle informaci\u00f3n sobre productos o presentar propuestas de servicios. MEDITEC S.A. garantiza que sus datos ser\u00e1n tratados con estricta confidencialidad de acuerdo con las leyes reguladoras de la protecci\u00f3n a la informaci\u00f3n.<\/div>\n","protected":false},"excerpt":{"rendered":"<p>Nota Legal MEDITEC S.A por autorizaci\u00f3n de MEDITEC S.A. Ltda. agradece su visita y su inter\u00e9s en nuestros productos. Todos los datos personales introducidos en el web de MEDITEC S.A. ser\u00e1n archivados, procesados y si es necesario transmitidos a MEDITEC S.A. con prop\u00f3sito exclusivo de proveerle servicios personales, enviarle informaci\u00f3n sobre productos o presentar propuestas de servicios. MEDITEC S.A. garantiza que sus datos ser\u00e1n tratados con estricta confidencialidad de acuerdo con las leyes reguladoras de la protecci\u00f3n a la informaci\u00f3n.<\/p>\n","protected":false},"author":1,"featured_media":0,"parent":52,"menu_order":0,"comment_status":"open","ping_status":"open","template":"","meta":[],"_links":{"self":[{"href":"https:\/\/www.meditecsa.com\/index.php?rest_route=\/wp\/v2\/pages\/222"}],"collection":[{"href":"https:\/\/www.meditecsa.com\/index.php?rest_route=\/wp\/v2\/pages"}],"about":[{"href":"https:\/\/www.meditecsa.com\/index.php?rest_route=\/wp\/v2\/types\/page"}],"author":[{"embeddable":true,"href":"https:\/\/www.meditecsa.com\/index.php?rest_route=\/wp\/v2\/users\/1"}],"replies":[{"embeddable":true,"href":"https:\/\/www.meditecsa.com\/index.php?rest_route=%2Fwp%2Fv2%2Fcomments&post=222"}],"version-history":[{"count":2,"href":"https:\/\/www.meditecsa.com\/index.php?rest_route=\/wp\/v2\/pages\/222\/revisions"}],"predecessor-version":[{"id":224,"href":"https:\/\/www.meditecsa.com\/index.php?rest_route=\/wp\/v2\/pages\/222\/revisions\/224"}],"up":[{"embeddable":true,"href":"https:\/\/www.meditecsa.com\/index.php?rest_route=\/wp\/v2\/pages\/52"}],"wp:attachment":[{"href":"https:\/\/www.meditecsa.com\/index.php?rest_route=%2Fwp%2Fv2%2Fmedia&parent=222"}],"curies":[{"name":"wp","href":"https:\/\/api.w.org\/{rel}","templated":true}]}}