{"id":213,"date":"2015-01-05T21:19:09","date_gmt":"2015-01-05T21:19:09","guid":{"rendered":"https:\/\/www.meditecsa.com\/?page_id=213"},"modified":"2015-01-05T21:22:23","modified_gmt":"2015-01-05T21:22:23","slug":"copyright","status":"publish","type":"page","link":"https:\/\/www.meditecsa.com\/?page_id=213","title":{"rendered":"\u00a9 Copyright"},"content":{"rendered":"<h3 data-canvas-width=\"393.5378400000001\">\u00a9 Copyright 2003, MEDITEC S.A., Colombia.<\/h3>\n<div data-canvas-width=\"393.5378400000001\"><\/div>\n<div data-canvas-width=\"249.19474999999994\">Todos los derechos reservados<\/div>\n<div data-canvas-width=\"337.32824999999997\">Nombres de representantes Autorizados<\/div>\n<div data-canvas-width=\"306.50724999999994\">Klaus Von Appen, Amparo Reinoso B.<\/div>\n<div data-canvas-width=\"72.90849999999999\">\nTel\u00e9fono<\/div>\n<div data-canvas-width=\"202.43125\">Colombia: (571) 3381177<\/div>\n<div data-canvas-width=\"46.786249999999995\">\nEmail<\/div>\n<div data-canvas-width=\"223.87400000000002\"><a href=\"mailto:meditec@MEDITECSA.com\">meditec@MEDITECSA.com<\/a><\/div>\n<div data-canvas-width=\"229.75400000000002\"><a href=\"mailto:gerencia@MEDITECSA.com\">gerencia@MEDITECSA.com<\/a><\/div>\n<h3 data-canvas-width=\"182.36682\">\nMarcas Comerciales<\/h3>\n<div data-canvas-width=\"194.467\">A menos que se haya especificado otra cosa, todas las marcas que se encuentren en los Sitios Web de MEDITEC S.A. est\u00e1n protegidas por la ley de marcas comerciales. Esto aplica, en particular, a las marcas del Grupo MEDITEC S.A., sus tipos de signos, logos y emblemas de la compa\u00f1\u00eda.<\/div>\n<div data-canvas-width=\"205.20149999999998\">Las marcas y elementos de dise\u00f1o usados en nuestros sitios son propiedad intelectual MEDITEC S.A.<\/div>\n","protected":false},"excerpt":{"rendered":"<p>\u00a9 Copyright 2003, MEDITEC S.A., Colombia. Todos los derechos reservados Nombres de representantes Autorizados Klaus Von Appen, Amparo Reinoso B. Tel\u00e9fono Colombia: (571) 3381177 Email meditec@MEDITECSA.com gerencia@MEDITECSA.com Marcas Comerciales A menos que se haya especificado otra cosa, todas las marcas que se encuentren en los Sitios Web de MEDITEC S.A. est\u00e1n protegidas por la ley de marcas comerciales. Esto aplica, en particular, a las marcas del Grupo MEDITEC S.A., sus tipos de signos, logos y emblemas de la compa\u00f1\u00eda. Las marcas y elementos de dise\u00f1o usados en nuestros sitios son propiedad intelectual MEDITEC S.A.<\/p>\n","protected":false},"author":1,"featured_media":0,"parent":52,"menu_order":0,"comment_status":"open","ping_status":"open","template":"","meta":[],"_links":{"self":[{"href":"https:\/\/www.meditecsa.com\/index.php?rest_route=\/wp\/v2\/pages\/213"}],"collection":[{"href":"https:\/\/www.meditecsa.com\/index.php?rest_route=\/wp\/v2\/pages"}],"about":[{"href":"https:\/\/www.meditecsa.com\/index.php?rest_route=\/wp\/v2\/types\/page"}],"author":[{"embeddable":true,"href":"https:\/\/www.meditecsa.com\/index.php?rest_route=\/wp\/v2\/users\/1"}],"replies":[{"embeddable":true,"href":"https:\/\/www.meditecsa.com\/index.php?rest_route=%2Fwp%2Fv2%2Fcomments&post=213"}],"version-history":[{"count":3,"href":"https:\/\/www.meditecsa.com\/index.php?rest_route=\/wp\/v2\/pages\/213\/revisions"}],"predecessor-version":[{"id":216,"href":"https:\/\/www.meditecsa.com\/index.php?rest_route=\/wp\/v2\/pages\/213\/revisions\/216"}],"up":[{"embeddable":true,"href":"https:\/\/www.meditecsa.com\/index.php?rest_route=\/wp\/v2\/pages\/52"}],"wp:attachment":[{"href":"https:\/\/www.meditecsa.com\/index.php?rest_route=%2Fwp%2Fv2%2Fmedia&parent=213"}],"curies":[{"name":"wp","href":"https:\/\/api.w.org\/{rel}","templated":true}]}}